{"id":12264,"date":"2022-09-07T19:22:03","date_gmt":"2022-09-07T19:22:03","guid":{"rendered":"https:\/\/www.seniorcarepro.com\/?page_id=12264"},"modified":"2022-09-07T19:24:40","modified_gmt":"2022-09-07T19:24:40","slug":"e-poslovanje","status":"publish","type":"page","link":"https:\/\/www.seniorcarepro.com\/sl\/e-poslovanje\/","title":{"rendered":"E-poslovanje"},"content":{"rendered":"\t\t<div data-elementor-type=\"wp-page\" data-elementor-id=\"12264\" class=\"elementor elementor-12264 elementor-12261\" data-elementor-post-type=\"page\">\n\t\t\t\t\t\t\t\t\t<section class=\"elementor-section elementor-top-section elementor-element elementor-element-5ee2587 elementor-section-stretched elementor-section-full_width elementor-section-height-default elementor-section-height-default\" data-id=\"5ee2587\" data-element_type=\"section\" data-settings=\"{&quot;stretch_section&quot;:&quot;section-stretched&quot;}\">\n\t\t\t\t\t\t<div class=\"elementor-container elementor-column-gap-default\">\n\t\t\t\t\t<div class=\"elementor-column elementor-col-100 elementor-top-column elementor-element elementor-element-1d908bb\" data-id=\"1d908bb\" data-element_type=\"column\">\n\t\t\t<div class=\"elementor-widget-wrap elementor-element-populated\">\n\t\t\t\t\t\t\t\t<div class=\"elementor-element elementor-element-0fc2d93 elementor-widget elementor-widget-spacer\" data-id=\"0fc2d93\" data-element_type=\"widget\" data-widget_type=\"spacer.default\">\n\t\t\t\t<div class=\"elementor-widget-container\">\n\t\t\t\t\t<div class=\"elementor-spacer\">\n\t\t\t<div class=\"elementor-spacer-inner\"><\/div>\n\t\t<\/div>\n\t\t\t\t<\/div>\n\t\t\t\t<\/div>\n\t\t\t\t<section class=\"elementor-section elementor-inner-section elementor-element elementor-element-42e1d00 elementor-section-boxed elementor-section-height-default elementor-section-height-default elementor-invisible\" data-id=\"42e1d00\" data-element_type=\"section\" data-settings=\"{&quot;animation&quot;:&quot;fadeIn&quot;}\">\n\t\t\t\t\t\t<div class=\"elementor-container elementor-column-gap-default\">\n\t\t\t\t\t<div class=\"elementor-column elementor-col-50 elementor-inner-column elementor-element elementor-element-65e40c7\" data-id=\"65e40c7\" data-element_type=\"column\">\n\t\t\t<div class=\"elementor-widget-wrap elementor-element-populated\">\n\t\t\t\t\t\t\t\t<div class=\"elementor-element elementor-element-29164fc elementor-widget elementor-widget-heading\" data-id=\"29164fc\" data-element_type=\"widget\" data-widget_type=\"heading.default\">\n\t\t\t\t<div class=\"elementor-widget-container\">\n\t\t\t<h1 class=\"elementor-heading-title elementor-size-default\">E-POSLOVANJE 2021<\/h1>\t\t<\/div>\n\t\t\t\t<\/div>\n\t\t\t\t<div class=\"elementor-element elementor-element-468c35e elementor-widget elementor-widget-image\" data-id=\"468c35e\" data-element_type=\"widget\" data-widget_type=\"image.default\">\n\t\t\t\t<div class=\"elementor-widget-container\">\n\t\t\t\t\t\t\t\t\t\t\t\t\t\t\t<img decoding=\"async\" width=\"100\" height=\"100\" src=\"https:\/\/www.seniorcarepro.com\/wp-content\/uploads\/2022\/08\/favicon-seniorcarepro-1.svg\" class=\"attachment-medium size-medium wp-image-11786\" alt=\"\" \/>\t\t\t\t\t\t\t\t\t\t\t\t\t\t\t<\/div>\n\t\t\t\t<\/div>\n\t\t\t\t\t<\/div>\n\t\t<\/div>\n\t\t\t\t<div class=\"elementor-column elementor-col-50 elementor-inner-column elementor-element elementor-element-44abb80\" data-id=\"44abb80\" data-element_type=\"column\">\n\t\t\t<div class=\"elementor-widget-wrap elementor-element-populated\">\n\t\t\t\t\t\t\t\t<div class=\"elementor-element elementor-element-0bdf448 elementor-invisible elementor-widget elementor-widget-text-editor\" data-id=\"0bdf448\" data-element_type=\"widget\" data-settings=\"{&quot;_animation&quot;:&quot;fadeIn&quot;}\" data-widget_type=\"text-editor.default\">\n\t\t\t\t<div class=\"elementor-widget-container\">\n\t\t\t\t\t\t\t<p>Javni razpis za vzpostavitev ali <strong>nadgradnjo elektronskega poslovanja v MSP &#8211; \u00bbE-POSLOVANJE 2019-2022\u00ab\u00a0<\/strong><\/p>\t\t\t\t\t\t<\/div>\n\t\t\t\t<\/div>\n\t\t\t\t<div class=\"elementor-element elementor-element-5910afa elementor-invisible elementor-widget elementor-widget-text-editor\" data-id=\"5910afa\" data-element_type=\"widget\" data-settings=\"{&quot;_animation&quot;:&quot;fadeIn&quot;}\" data-widget_type=\"text-editor.default\">\n\t\t\t\t<div class=\"elementor-widget-container\">\n\t\t\t\t\t\t\t<p>V sklopu Javnega razpisa za vzpostavitev ali nadgradnjo elektronskega poslovanja v MSP v obdobju 2019\u20132022 \u00bbE-POSLOVANJE 2019\u20132022\u00ab, ki ga razpisuje Javna agencija Republike Slovenije za spodbujanje podjetni\u0161tva, internacionalizacije, tujih investicij in tehnologije, je podjetje Caretronic d. o. o., pridobilo sredstva za sofinanciranje operacije \u00bbCARETRONIC &#8211; E-POSLOVANJE 2021\u00ab<\/p><p>Namen operacije je z vzpostavitvijo novih in nadgradnjo obstoje\u010dih elektronskih kanalov poslovanja izbolj\u0161ati polo\u017eaj podjetja na trgu in dodatno pove\u010dati prodajo na tujih trgih.<\/p><p>Cilj operacije je z ve\u010djo digitalizacijo poslovanja pove\u010dati mednarodno konkuren\u010dnost, izbolj\u0161ati poslovne procese, pospe\u0161iti sodelovanje s poslovnimi partnerji v tujini ter pridobiti \u0161tevilne nove tuje poslovne partnerje.<\/p><p>Rezultati operacije:<\/p><ul><li>digitalizacija nastopa na sejmu,<\/li><li>vzpostavljena spletna stran za tuje trge,<\/li><li>vzpostavljena spletna trgovina za tuje trge,<\/li><li>izdelan produktno-prodajni video,<\/li><li>krepitev kompetenc \u2013 usposabljanja.<\/li><\/ul><p>Skupna vrednost operacije zna\u0161a 51.240,00 EUR, od tega je zapro\u0161ena vi\u0161ina subvencije 29.400,00 EUR.<\/p><p>Operacijo sofinancirata Republika Slovenija in Evropska unija iz Evropskega sklada za regionalni razvoj.<\/p><p>Ve\u010d o evropski kohezijski politiki v Sloveniji na spletni strani: <a href=\"http:\/\/www.eu-skladi.si\">www.eu-skladi.si<\/a>.<\/p>\t\t\t\t\t\t<\/div>\n\t\t\t\t<\/div>\n\t\t\t\t<div class=\"elementor-element elementor-element-407f26a elementor-widget elementor-widget-image\" data-id=\"407f26a\" data-element_type=\"widget\" data-widget_type=\"image.default\">\n\t\t\t\t<div class=\"elementor-widget-container\">\n\t\t\t\t\t\t\t\t\t\t\t\t\t\t\t\t<a href=\"http:\/\/www.eu-skladi.si\" target=\"_blank\">\n\t\t\t\t\t\t\t<img fetchpriority=\"high\" decoding=\"async\" width=\"1015\" height=\"183\" src=\"https:\/\/www.seniorcarepro.com\/wp-content\/uploads\/2022\/09\/logo-spirit.jpg\" class=\"attachment-large size-large wp-image-12259\" alt=\"\" srcset=\"https:\/\/www.seniorcarepro.com\/wp-content\/uploads\/2022\/09\/logo-spirit.jpg 1015w, https:\/\/www.seniorcarepro.com\/wp-content\/uploads\/2022\/09\/logo-spirit-300x54.jpg 300w, https:\/\/www.seniorcarepro.com\/wp-content\/uploads\/2022\/09\/logo-spirit-768x138.jpg 768w\" sizes=\"(max-width: 1015px) 100vw, 1015px\" \/>\t\t\t\t\t\t\t\t<\/a>\n\t\t\t\t\t\t\t\t\t\t\t\t\t\t\t<\/div>\n\t\t\t\t<\/div>\n\t\t\t\t<div class=\"elementor-element elementor-element-06e3423 elementor-widget elementor-widget-spacer\" data-id=\"06e3423\" data-element_type=\"widget\" data-widget_type=\"spacer.default\">\n\t\t\t\t<div class=\"elementor-widget-container\">\n\t\t\t\t\t<div class=\"elementor-spacer\">\n\t\t\t<div class=\"elementor-spacer-inner\"><\/div>\n\t\t<\/div>\n\t\t\t\t<\/div>\n\t\t\t\t<\/div>\n\t\t\t\t\t<\/div>\n\t\t<\/div>\n\t\t\t\t\t\t\t<\/div>\n\t\t<\/section>\n\t\t\t\t\t<\/div>\n\t\t<\/div>\n\t\t\t\t\t\t\t<\/div>\n\t\t<\/section>\n\t\t\t\t\t\t\t<\/div>\n\t\t","protected":false},"excerpt":{"rendered":"<p>E-POSLOVANJE 2021 Javni razpis za vzpostavitev ali nadgradnjo elektronskega poslovanja v MSP &#8211; \u00bbE-POSLOVANJE 2019-2022\u00ab\u00a0 V sklopu Javnega razpisa za vzpostavitev ali nadgradnjo elektronskega poslovanja v MSP v obdobju 2019\u20132022&hellip;<\/p>\n","protected":false},"author":1,"featured_media":0,"parent":0,"menu_order":0,"comment_status":"closed","ping_status":"closed","template":"elementor_header_footer","meta":{"footnotes":""},"acf":[],"_links":{"self":[{"href":"https:\/\/www.seniorcarepro.com\/sl\/wp-json\/wp\/v2\/pages\/12264"}],"collection":[{"href":"https:\/\/www.seniorcarepro.com\/sl\/wp-json\/wp\/v2\/pages"}],"about":[{"href":"https:\/\/www.seniorcarepro.com\/sl\/wp-json\/wp\/v2\/types\/page"}],"author":[{"embeddable":true,"href":"https:\/\/www.seniorcarepro.com\/sl\/wp-json\/wp\/v2\/users\/1"}],"replies":[{"embeddable":true,"href":"https:\/\/www.seniorcarepro.com\/sl\/wp-json\/wp\/v2\/comments?post=12264"}],"version-history":[{"count":10,"href":"https:\/\/www.seniorcarepro.com\/sl\/wp-json\/wp\/v2\/pages\/12264\/revisions"}],"predecessor-version":[{"id":12298,"href":"https:\/\/www.seniorcarepro.com\/sl\/wp-json\/wp\/v2\/pages\/12264\/revisions\/12298"}],"wp:attachment":[{"href":"https:\/\/www.seniorcarepro.com\/sl\/wp-json\/wp\/v2\/media?parent=12264"}],"curies":[{"name":"wp","href":"https:\/\/api.w.org\/{rel}","templated":true}]}}